{"id":831,"date":"2022-01-27T17:42:01","date_gmt":"2022-01-27T16:42:01","guid":{"rendered":"https:\/\/5w4jrpbhfgx.preview.infomaniak.website\/shop\/?post_type=product&#038;p=831"},"modified":"2025-03-21T11:17:23","modified_gmt":"2025-03-21T10:17:23","slug":"ueberraschungsbrot","status":"publish","type":"product","link":"https:\/\/www.maron-chur.ch\/shop\/produkt\/ueberraschungsbrot\/","title":{"rendered":"\u00dcberraschungsbrot"},"content":{"rendered":"<p>Roggen-Weizenbrot vierlagig, mit unseren Standard F\u00fcllungen Schinken, Salami, Fleischk\u00e4se und Bergk\u00e4se gef\u00fcllt.<br \/>\n\u00d8 22 cm f\u00fcr 8 bis 10 Personen, 32-teilig, mit 4 F\u00fcllungen, CHF 56.00<br \/>\n\u00d8 26 cm f\u00fcr 9 bis 14 Personen, 48-teilig, mit 4 F\u00fcllungen, CHF 78.00<\/p>\n<p>Das \u00dcberraschungsbrot bieten wir auch mit unseren Spezialf\u00fcllungen Roastbeef, Wildlachs, Rohschinken und Trockenfleisch an. Die Verwendung pro Spezialf\u00fcllung kostet plus CHF 3.00. Insgesamt sind 4 verschiedene F\u00fcllungen m\u00f6glich. Kontaktieren Sie uns f\u00fcr Ihr individuelles \u00dcberraschungsbrot telefonisch (081 253 53 53).<\/p>\n<p><strong>Allergiker Info<\/strong>: Enth\u00e4lt Milch, Mandeln, Haseln\u00fcsse, kann Spuren von Soja enthalten<\/p>\n<p><strong>(kein Postversand m\u00f6glich)<\/strong><\/p>\n","protected":false},"excerpt":{"rendered":"<p>Das<b> \u00dcberraschungsbrot<\/b> gibt es in feinen Variationen. F\u00fcr individuelle Kombinationen bitten wir Sie uns zu kontaktieren.<\/p>\n","protected":false},"featured_media":1716,"comment_status":"closed","ping_status":"closed","template":"","meta":{"_acf_changed":false},"product_cat":[21],"product_tag":[],"acf":[],"yoast_head":"<!-- This site is optimized with the Yoast SEO plugin v23.6 - https:\/\/yoast.com\/wordpress\/plugins\/seo\/ -->\n<title>\u00dcberraschungsbrot - Online Shop Caf\u00e9 Confiserie Maron Chur<\/title>\n<meta name=\"robots\" content=\"index, follow, max-snippet:-1, max-image-preview:large, max-video-preview:-1\" \/>\n<link rel=\"canonical\" href=\"https:\/\/www.maron-chur.ch\/shop\/produkt\/ueberraschungsbrot\/\" \/>\n<meta property=\"og:locale\" content=\"de_DE\" \/>\n<meta property=\"og:type\" content=\"article\" \/>\n<meta property=\"og:title\" content=\"\u00dcberraschungsbrot - Online Shop Caf\u00e9 Confiserie Maron Chur\" \/>\n<meta property=\"og:description\" content=\"Das \u00dcberraschungsbrot gibt es in feinen Variationen. F\u00fcr individuelle Kombinationen bitten wir Sie uns zu kontaktieren.\" \/>\n<meta property=\"og:url\" content=\"https:\/\/www.maron-chur.ch\/shop\/produkt\/ueberraschungsbrot\/\" \/>\n<meta property=\"og:site_name\" content=\"Online Shop Caf\u00e9 Confiserie Maron Chur\" \/>\n<meta property=\"article:modified_time\" content=\"2025-03-21T10:17:23+00:00\" \/>\n<meta property=\"og:image\" content=\"https:\/\/www.maron-chur.ch\/shop\/wp-content\/uploads\/2024\/10\/Maron_AMMANN_20200717-231-scaled-e1729672103156.jpg\" \/>\n\t<meta property=\"og:image:width\" content=\"2560\" \/>\n\t<meta property=\"og:image:height\" content=\"1655\" \/>\n\t<meta property=\"og:image:type\" content=\"image\/jpeg\" \/>\n<meta name=\"twitter:card\" content=\"summary_large_image\" \/>\n<meta name=\"twitter:label1\" content=\"Gesch\u00e4tzte Lesezeit\" \/>\n\t<meta name=\"twitter:data1\" content=\"1\u00a0Minute\" \/>\n<script type=\"application\/ld+json\" class=\"yoast-schema-graph\">{\"@context\":\"https:\/\/schema.org\",\"@graph\":[{\"@type\":\"WebPage\",\"@id\":\"https:\/\/www.maron-chur.ch\/shop\/produkt\/ueberraschungsbrot\/\",\"url\":\"https:\/\/www.maron-chur.ch\/shop\/produkt\/ueberraschungsbrot\/\",\"name\":\"\u00dcberraschungsbrot - Online Shop Caf\u00e9 Confiserie Maron Chur\",\"isPartOf\":{\"@id\":\"https:\/\/www.maron-chur.ch\/shop\/#website\"},\"primaryImageOfPage\":{\"@id\":\"https:\/\/www.maron-chur.ch\/shop\/produkt\/ueberraschungsbrot\/#primaryimage\"},\"image\":{\"@id\":\"https:\/\/www.maron-chur.ch\/shop\/produkt\/ueberraschungsbrot\/#primaryimage\"},\"thumbnailUrl\":\"https:\/\/www.maron-chur.ch\/shop\/wp-content\/uploads\/2024\/10\/Maron_AMMANN_20200717-231-scaled-e1729672103156.jpg\",\"datePublished\":\"2022-01-27T16:42:01+00:00\",\"dateModified\":\"2025-03-21T10:17:23+00:00\",\"breadcrumb\":{\"@id\":\"https:\/\/www.maron-chur.ch\/shop\/produkt\/ueberraschungsbrot\/#breadcrumb\"},\"inLanguage\":\"de\",\"potentialAction\":[{\"@type\":\"ReadAction\",\"target\":[\"https:\/\/www.maron-chur.ch\/shop\/produkt\/ueberraschungsbrot\/\"]}]},{\"@type\":\"ImageObject\",\"inLanguage\":\"de\",\"@id\":\"https:\/\/www.maron-chur.ch\/shop\/produkt\/ueberraschungsbrot\/#primaryimage\",\"url\":\"https:\/\/www.maron-chur.ch\/shop\/wp-content\/uploads\/2024\/10\/Maron_AMMANN_20200717-231-scaled-e1729672103156.jpg\",\"contentUrl\":\"https:\/\/www.maron-chur.ch\/shop\/wp-content\/uploads\/2024\/10\/Maron_AMMANN_20200717-231-scaled-e1729672103156.jpg\",\"width\":2560,\"height\":1655},{\"@type\":\"BreadcrumbList\",\"@id\":\"https:\/\/www.maron-chur.ch\/shop\/produkt\/ueberraschungsbrot\/#breadcrumb\",\"itemListElement\":[{\"@type\":\"ListItem\",\"position\":1,\"name\":\"Startseite\",\"item\":\"https:\/\/www.maron-chur.ch\/shop\/\"},{\"@type\":\"ListItem\",\"position\":2,\"name\":\"Shop\",\"item\":\"https:\/\/www.maron-chur.ch\/shop\/\"},{\"@type\":\"ListItem\",\"position\":3,\"name\":\"\u00dcberraschungsbrot\"}]},{\"@type\":\"WebSite\",\"@id\":\"https:\/\/www.maron-chur.ch\/shop\/#website\",\"url\":\"https:\/\/www.maron-chur.ch\/shop\/\",\"name\":\"Online Shop Caf\u00e9 Confiserie Maron Chur\",\"description\":\"\",\"publisher\":{\"@id\":\"https:\/\/www.maron-chur.ch\/shop\/#organization\"},\"potentialAction\":[{\"@type\":\"SearchAction\",\"target\":{\"@type\":\"EntryPoint\",\"urlTemplate\":\"https:\/\/www.maron-chur.ch\/shop\/?s={search_term_string}\"},\"query-input\":{\"@type\":\"PropertyValueSpecification\",\"valueRequired\":true,\"valueName\":\"search_term_string\"}}],\"inLanguage\":\"de\"},{\"@type\":\"Organization\",\"@id\":\"https:\/\/www.maron-chur.ch\/shop\/#organization\",\"name\":\"Caf\u00e9 Chocolaterie Confiserie Maron\",\"url\":\"https:\/\/www.maron-chur.ch\/shop\/\",\"logo\":{\"@type\":\"ImageObject\",\"inLanguage\":\"de\",\"@id\":\"https:\/\/www.maron-chur.ch\/shop\/#\/schema\/logo\/image\/\",\"url\":\"https:\/\/5w4jrpbhfgx.preview.infomaniak.website\/shop\/wp-content\/uploads\/2016\/05\/logo_schmal.png\",\"contentUrl\":\"https:\/\/5w4jrpbhfgx.preview.infomaniak.website\/shop\/wp-content\/uploads\/2016\/05\/logo_schmal.png\",\"width\":211,\"height\":90,\"caption\":\"Caf\u00e9 Chocolaterie Confiserie Maron\"},\"image\":{\"@id\":\"https:\/\/www.maron-chur.ch\/shop\/#\/schema\/logo\/image\/\"}}]}<\/script>\n<!-- \/ Yoast SEO plugin. -->","yoast_head_json":{"title":"\u00dcberraschungsbrot - Online Shop Caf\u00e9 Confiserie Maron Chur","robots":{"index":"index","follow":"follow","max-snippet":"max-snippet:-1","max-image-preview":"max-image-preview:large","max-video-preview":"max-video-preview:-1"},"canonical":"https:\/\/www.maron-chur.ch\/shop\/produkt\/ueberraschungsbrot\/","og_locale":"de_DE","og_type":"article","og_title":"\u00dcberraschungsbrot - Online Shop Caf\u00e9 Confiserie Maron Chur","og_description":"Das \u00dcberraschungsbrot gibt es in feinen Variationen. F\u00fcr individuelle Kombinationen bitten wir Sie uns zu kontaktieren.","og_url":"https:\/\/www.maron-chur.ch\/shop\/produkt\/ueberraschungsbrot\/","og_site_name":"Online Shop Caf\u00e9 Confiserie Maron Chur","article_modified_time":"2025-03-21T10:17:23+00:00","og_image":[{"width":2560,"height":1655,"url":"https:\/\/www.maron-chur.ch\/shop\/wp-content\/uploads\/2024\/10\/Maron_AMMANN_20200717-231-scaled-e1729672103156.jpg","type":"image\/jpeg"}],"twitter_card":"summary_large_image","twitter_misc":{"Gesch\u00e4tzte Lesezeit":"1\u00a0Minute"},"schema":{"@context":"https:\/\/schema.org","@graph":[{"@type":"WebPage","@id":"https:\/\/www.maron-chur.ch\/shop\/produkt\/ueberraschungsbrot\/","url":"https:\/\/www.maron-chur.ch\/shop\/produkt\/ueberraschungsbrot\/","name":"\u00dcberraschungsbrot - Online Shop Caf\u00e9 Confiserie Maron Chur","isPartOf":{"@id":"https:\/\/www.maron-chur.ch\/shop\/#website"},"primaryImageOfPage":{"@id":"https:\/\/www.maron-chur.ch\/shop\/produkt\/ueberraschungsbrot\/#primaryimage"},"image":{"@id":"https:\/\/www.maron-chur.ch\/shop\/produkt\/ueberraschungsbrot\/#primaryimage"},"thumbnailUrl":"https:\/\/www.maron-chur.ch\/shop\/wp-content\/uploads\/2024\/10\/Maron_AMMANN_20200717-231-scaled-e1729672103156.jpg","datePublished":"2022-01-27T16:42:01+00:00","dateModified":"2025-03-21T10:17:23+00:00","breadcrumb":{"@id":"https:\/\/www.maron-chur.ch\/shop\/produkt\/ueberraschungsbrot\/#breadcrumb"},"inLanguage":"de","potentialAction":[{"@type":"ReadAction","target":["https:\/\/www.maron-chur.ch\/shop\/produkt\/ueberraschungsbrot\/"]}]},{"@type":"ImageObject","inLanguage":"de","@id":"https:\/\/www.maron-chur.ch\/shop\/produkt\/ueberraschungsbrot\/#primaryimage","url":"https:\/\/www.maron-chur.ch\/shop\/wp-content\/uploads\/2024\/10\/Maron_AMMANN_20200717-231-scaled-e1729672103156.jpg","contentUrl":"https:\/\/www.maron-chur.ch\/shop\/wp-content\/uploads\/2024\/10\/Maron_AMMANN_20200717-231-scaled-e1729672103156.jpg","width":2560,"height":1655},{"@type":"BreadcrumbList","@id":"https:\/\/www.maron-chur.ch\/shop\/produkt\/ueberraschungsbrot\/#breadcrumb","itemListElement":[{"@type":"ListItem","position":1,"name":"Startseite","item":"https:\/\/www.maron-chur.ch\/shop\/"},{"@type":"ListItem","position":2,"name":"Shop","item":"https:\/\/www.maron-chur.ch\/shop\/"},{"@type":"ListItem","position":3,"name":"\u00dcberraschungsbrot"}]},{"@type":"WebSite","@id":"https:\/\/www.maron-chur.ch\/shop\/#website","url":"https:\/\/www.maron-chur.ch\/shop\/","name":"Online Shop Caf\u00e9 Confiserie Maron Chur","description":"","publisher":{"@id":"https:\/\/www.maron-chur.ch\/shop\/#organization"},"potentialAction":[{"@type":"SearchAction","target":{"@type":"EntryPoint","urlTemplate":"https:\/\/www.maron-chur.ch\/shop\/?s={search_term_string}"},"query-input":{"@type":"PropertyValueSpecification","valueRequired":true,"valueName":"search_term_string"}}],"inLanguage":"de"},{"@type":"Organization","@id":"https:\/\/www.maron-chur.ch\/shop\/#organization","name":"Caf\u00e9 Chocolaterie Confiserie Maron","url":"https:\/\/www.maron-chur.ch\/shop\/","logo":{"@type":"ImageObject","inLanguage":"de","@id":"https:\/\/www.maron-chur.ch\/shop\/#\/schema\/logo\/image\/","url":"https:\/\/5w4jrpbhfgx.preview.infomaniak.website\/shop\/wp-content\/uploads\/2016\/05\/logo_schmal.png","contentUrl":"https:\/\/5w4jrpbhfgx.preview.infomaniak.website\/shop\/wp-content\/uploads\/2016\/05\/logo_schmal.png","width":211,"height":90,"caption":"Caf\u00e9 Chocolaterie Confiserie Maron"},"image":{"@id":"https:\/\/www.maron-chur.ch\/shop\/#\/schema\/logo\/image\/"}}]}},"_links":{"self":[{"href":"https:\/\/www.maron-chur.ch\/shop\/wp-json\/wp\/v2\/product\/831"}],"collection":[{"href":"https:\/\/www.maron-chur.ch\/shop\/wp-json\/wp\/v2\/product"}],"about":[{"href":"https:\/\/www.maron-chur.ch\/shop\/wp-json\/wp\/v2\/types\/product"}],"replies":[{"embeddable":true,"href":"https:\/\/www.maron-chur.ch\/shop\/wp-json\/wp\/v2\/comments?post=831"}],"wp:featuredmedia":[{"embeddable":true,"href":"https:\/\/www.maron-chur.ch\/shop\/wp-json\/wp\/v2\/media\/1716"}],"wp:attachment":[{"href":"https:\/\/www.maron-chur.ch\/shop\/wp-json\/wp\/v2\/media?parent=831"}],"wp:term":[{"taxonomy":"product_cat","embeddable":true,"href":"https:\/\/www.maron-chur.ch\/shop\/wp-json\/wp\/v2\/product_cat?post=831"},{"taxonomy":"product_tag","embeddable":true,"href":"https:\/\/www.maron-chur.ch\/shop\/wp-json\/wp\/v2\/product_tag?post=831"}],"curies":[{"name":"wp","href":"https:\/\/api.w.org\/{rel}","templated":true}]}}