{"id":19,"date":"2016-05-02T11:49:41","date_gmt":"2016-05-02T09:49:41","guid":{"rendered":"https:\/\/5w4jrpbhfgx.preview.infomaniak.website\/shop\/?post_type=product&#038;p=19"},"modified":"2025-03-22T16:41:17","modified_gmt":"2025-03-22T15:41:17","slug":"buendner-birnbrot","status":"publish","type":"product","link":"https:\/\/www.maron-chur.ch\/shop\/produkt\/buendner-birnbrot\/","title":{"rendered":"B\u00fcndner Birnbrot"},"content":{"rendered":"<p>Unser B\u00fcndner Birnbrot ist in drei verschiedenen Gr\u00f6ssen, mit oder ohne Geschenkpapier erh\u00e4ltlich.<\/p>\n<p>300 g | CHF  8.90<br \/>\n600 g | CHF 16.80<br \/>\n900 g | CHF 21.60<\/p>\n<p>Falls erw\u00fcnscht, kann ein Logo als Sticker auf die B\u00fcndner Birnbrote aufgeklebt oder sie k\u00f6nnen mit einer Papier-Banderole eingewickelt werden. Logoplatzierungen und individuelle Geschenkverpackungen gegen Aufpreis und Anfrage.<\/p>\n","protected":false},"excerpt":{"rendered":"<p>Unser <b>B\u00fcndner Birnbrot<\/b>, das zum \u00abZvieri\u00bb mit Butter bestrichen oder zusammen mit Bergk\u00e4se und B\u00fcndnerfleisch einen einmaligen alpinen Genuss bietet.<\/p>\n","protected":false},"featured_media":1837,"comment_status":"closed","ping_status":"closed","template":"","meta":{"_acf_changed":false},"product_cat":[20,19],"product_tag":[40,31,41,45,33,42,46,43,44],"acf":[],"yoast_head":"<!-- This site is optimized with the Yoast SEO plugin v23.6 - https:\/\/yoast.com\/wordpress\/plugins\/seo\/ -->\n<title>B\u00fcndner Birnbrot - Online Shop Caf\u00e9 Confiserie Maron Chur<\/title>\n<meta name=\"description\" content=\"Bestellen Sie B\u00fcndner Birnbrot, das zum \u00abZvieri\u00bb mit Butter bestrichen oder zusammen mit Bergk\u00e4se und B\u00fcndnerfleisch einen einmaligen alpinen Genuss bietet.\" \/>\n<meta name=\"robots\" content=\"index, follow, max-snippet:-1, max-image-preview:large, max-video-preview:-1\" \/>\n<link rel=\"canonical\" href=\"https:\/\/www.maron-chur.ch\/shop\/produkt\/buendner-birnbrot\/\" \/>\n<meta property=\"og:locale\" content=\"de_DE\" \/>\n<meta property=\"og:type\" content=\"article\" \/>\n<meta property=\"og:title\" content=\"B\u00fcndner Birnbrot - Online Shop Caf\u00e9 Confiserie Maron Chur\" \/>\n<meta property=\"og:description\" content=\"Bestellen Sie B\u00fcndner Birnbrot, das zum \u00abZvieri\u00bb mit Butter bestrichen oder zusammen mit Bergk\u00e4se und B\u00fcndnerfleisch einen einmaligen alpinen Genuss bietet.\" \/>\n<meta property=\"og:url\" content=\"https:\/\/www.maron-chur.ch\/shop\/produkt\/buendner-birnbrot\/\" \/>\n<meta property=\"og:site_name\" content=\"Online Shop Caf\u00e9 Confiserie Maron Chur\" \/>\n<meta property=\"article:modified_time\" content=\"2025-03-22T15:41:17+00:00\" \/>\n<meta property=\"og:image\" content=\"https:\/\/www.maron-chur.ch\/shop\/wp-content\/uploads\/2024\/10\/Maron-buendner-birnbrot-1375x889-1-e1729671216293.jpg\" \/>\n\t<meta property=\"og:image:width\" content=\"1375\" \/>\n\t<meta property=\"og:image:height\" content=\"889\" \/>\n\t<meta property=\"og:image:type\" content=\"image\/jpeg\" \/>\n<meta name=\"twitter:card\" content=\"summary_large_image\" \/>\n<meta name=\"twitter:label1\" content=\"Gesch\u00e4tzte Lesezeit\" \/>\n\t<meta name=\"twitter:data1\" content=\"1\u00a0Minute\" \/>\n<script type=\"application\/ld+json\" class=\"yoast-schema-graph\">{\"@context\":\"https:\/\/schema.org\",\"@graph\":[{\"@type\":\"WebPage\",\"@id\":\"https:\/\/www.maron-chur.ch\/shop\/produkt\/buendner-birnbrot\/\",\"url\":\"https:\/\/www.maron-chur.ch\/shop\/produkt\/buendner-birnbrot\/\",\"name\":\"B\u00fcndner Birnbrot - Online Shop Caf\u00e9 Confiserie Maron Chur\",\"isPartOf\":{\"@id\":\"https:\/\/www.maron-chur.ch\/shop\/#website\"},\"primaryImageOfPage\":{\"@id\":\"https:\/\/www.maron-chur.ch\/shop\/produkt\/buendner-birnbrot\/#primaryimage\"},\"image\":{\"@id\":\"https:\/\/www.maron-chur.ch\/shop\/produkt\/buendner-birnbrot\/#primaryimage\"},\"thumbnailUrl\":\"https:\/\/www.maron-chur.ch\/shop\/wp-content\/uploads\/2024\/10\/Maron-buendner-birnbrot-1375x889-1-e1729671216293.jpg\",\"datePublished\":\"2016-05-02T09:49:41+00:00\",\"dateModified\":\"2025-03-22T15:41:17+00:00\",\"description\":\"Bestellen Sie B\u00fcndner Birnbrot, das zum \u00abZvieri\u00bb mit Butter bestrichen oder zusammen mit Bergk\u00e4se und B\u00fcndnerfleisch einen einmaligen alpinen Genuss bietet.\",\"breadcrumb\":{\"@id\":\"https:\/\/www.maron-chur.ch\/shop\/produkt\/buendner-birnbrot\/#breadcrumb\"},\"inLanguage\":\"de\",\"potentialAction\":[{\"@type\":\"ReadAction\",\"target\":[\"https:\/\/www.maron-chur.ch\/shop\/produkt\/buendner-birnbrot\/\"]}]},{\"@type\":\"ImageObject\",\"inLanguage\":\"de\",\"@id\":\"https:\/\/www.maron-chur.ch\/shop\/produkt\/buendner-birnbrot\/#primaryimage\",\"url\":\"https:\/\/www.maron-chur.ch\/shop\/wp-content\/uploads\/2024\/10\/Maron-buendner-birnbrot-1375x889-1-e1729671216293.jpg\",\"contentUrl\":\"https:\/\/www.maron-chur.ch\/shop\/wp-content\/uploads\/2024\/10\/Maron-buendner-birnbrot-1375x889-1-e1729671216293.jpg\",\"width\":1375,\"height\":889},{\"@type\":\"BreadcrumbList\",\"@id\":\"https:\/\/www.maron-chur.ch\/shop\/produkt\/buendner-birnbrot\/#breadcrumb\",\"itemListElement\":[{\"@type\":\"ListItem\",\"position\":1,\"name\":\"Startseite\",\"item\":\"https:\/\/www.maron-chur.ch\/shop\/\"},{\"@type\":\"ListItem\",\"position\":2,\"name\":\"Shop\",\"item\":\"https:\/\/www.maron-chur.ch\/shop\/\"},{\"@type\":\"ListItem\",\"position\":3,\"name\":\"B\u00fcndner Birnbrot\"}]},{\"@type\":\"WebSite\",\"@id\":\"https:\/\/www.maron-chur.ch\/shop\/#website\",\"url\":\"https:\/\/www.maron-chur.ch\/shop\/\",\"name\":\"Online Shop Caf\u00e9 Confiserie Maron Chur\",\"description\":\"\",\"publisher\":{\"@id\":\"https:\/\/www.maron-chur.ch\/shop\/#organization\"},\"potentialAction\":[{\"@type\":\"SearchAction\",\"target\":{\"@type\":\"EntryPoint\",\"urlTemplate\":\"https:\/\/www.maron-chur.ch\/shop\/?s={search_term_string}\"},\"query-input\":{\"@type\":\"PropertyValueSpecification\",\"valueRequired\":true,\"valueName\":\"search_term_string\"}}],\"inLanguage\":\"de\"},{\"@type\":\"Organization\",\"@id\":\"https:\/\/www.maron-chur.ch\/shop\/#organization\",\"name\":\"Caf\u00e9 Chocolaterie Confiserie Maron\",\"url\":\"https:\/\/www.maron-chur.ch\/shop\/\",\"logo\":{\"@type\":\"ImageObject\",\"inLanguage\":\"de\",\"@id\":\"https:\/\/www.maron-chur.ch\/shop\/#\/schema\/logo\/image\/\",\"url\":\"https:\/\/5w4jrpbhfgx.preview.infomaniak.website\/shop\/wp-content\/uploads\/2016\/05\/logo_schmal.png\",\"contentUrl\":\"https:\/\/5w4jrpbhfgx.preview.infomaniak.website\/shop\/wp-content\/uploads\/2016\/05\/logo_schmal.png\",\"width\":211,\"height\":90,\"caption\":\"Caf\u00e9 Chocolaterie Confiserie Maron\"},\"image\":{\"@id\":\"https:\/\/www.maron-chur.ch\/shop\/#\/schema\/logo\/image\/\"}}]}<\/script>\n<!-- \/ Yoast SEO plugin. -->","yoast_head_json":{"title":"B\u00fcndner Birnbrot - Online Shop Caf\u00e9 Confiserie Maron Chur","description":"Bestellen Sie B\u00fcndner Birnbrot, das zum \u00abZvieri\u00bb mit Butter bestrichen oder zusammen mit Bergk\u00e4se und B\u00fcndnerfleisch einen einmaligen alpinen Genuss bietet.","robots":{"index":"index","follow":"follow","max-snippet":"max-snippet:-1","max-image-preview":"max-image-preview:large","max-video-preview":"max-video-preview:-1"},"canonical":"https:\/\/www.maron-chur.ch\/shop\/produkt\/buendner-birnbrot\/","og_locale":"de_DE","og_type":"article","og_title":"B\u00fcndner Birnbrot - Online Shop Caf\u00e9 Confiserie Maron Chur","og_description":"Bestellen Sie B\u00fcndner Birnbrot, das zum \u00abZvieri\u00bb mit Butter bestrichen oder zusammen mit Bergk\u00e4se und B\u00fcndnerfleisch einen einmaligen alpinen Genuss bietet.","og_url":"https:\/\/www.maron-chur.ch\/shop\/produkt\/buendner-birnbrot\/","og_site_name":"Online Shop Caf\u00e9 Confiserie Maron Chur","article_modified_time":"2025-03-22T15:41:17+00:00","og_image":[{"width":1375,"height":889,"url":"https:\/\/www.maron-chur.ch\/shop\/wp-content\/uploads\/2024\/10\/Maron-buendner-birnbrot-1375x889-1-e1729671216293.jpg","type":"image\/jpeg"}],"twitter_card":"summary_large_image","twitter_misc":{"Gesch\u00e4tzte Lesezeit":"1\u00a0Minute"},"schema":{"@context":"https:\/\/schema.org","@graph":[{"@type":"WebPage","@id":"https:\/\/www.maron-chur.ch\/shop\/produkt\/buendner-birnbrot\/","url":"https:\/\/www.maron-chur.ch\/shop\/produkt\/buendner-birnbrot\/","name":"B\u00fcndner Birnbrot - Online Shop Caf\u00e9 Confiserie Maron Chur","isPartOf":{"@id":"https:\/\/www.maron-chur.ch\/shop\/#website"},"primaryImageOfPage":{"@id":"https:\/\/www.maron-chur.ch\/shop\/produkt\/buendner-birnbrot\/#primaryimage"},"image":{"@id":"https:\/\/www.maron-chur.ch\/shop\/produkt\/buendner-birnbrot\/#primaryimage"},"thumbnailUrl":"https:\/\/www.maron-chur.ch\/shop\/wp-content\/uploads\/2024\/10\/Maron-buendner-birnbrot-1375x889-1-e1729671216293.jpg","datePublished":"2016-05-02T09:49:41+00:00","dateModified":"2025-03-22T15:41:17+00:00","description":"Bestellen Sie B\u00fcndner Birnbrot, das zum \u00abZvieri\u00bb mit Butter bestrichen oder zusammen mit Bergk\u00e4se und B\u00fcndnerfleisch einen einmaligen alpinen Genuss bietet.","breadcrumb":{"@id":"https:\/\/www.maron-chur.ch\/shop\/produkt\/buendner-birnbrot\/#breadcrumb"},"inLanguage":"de","potentialAction":[{"@type":"ReadAction","target":["https:\/\/www.maron-chur.ch\/shop\/produkt\/buendner-birnbrot\/"]}]},{"@type":"ImageObject","inLanguage":"de","@id":"https:\/\/www.maron-chur.ch\/shop\/produkt\/buendner-birnbrot\/#primaryimage","url":"https:\/\/www.maron-chur.ch\/shop\/wp-content\/uploads\/2024\/10\/Maron-buendner-birnbrot-1375x889-1-e1729671216293.jpg","contentUrl":"https:\/\/www.maron-chur.ch\/shop\/wp-content\/uploads\/2024\/10\/Maron-buendner-birnbrot-1375x889-1-e1729671216293.jpg","width":1375,"height":889},{"@type":"BreadcrumbList","@id":"https:\/\/www.maron-chur.ch\/shop\/produkt\/buendner-birnbrot\/#breadcrumb","itemListElement":[{"@type":"ListItem","position":1,"name":"Startseite","item":"https:\/\/www.maron-chur.ch\/shop\/"},{"@type":"ListItem","position":2,"name":"Shop","item":"https:\/\/www.maron-chur.ch\/shop\/"},{"@type":"ListItem","position":3,"name":"B\u00fcndner Birnbrot"}]},{"@type":"WebSite","@id":"https:\/\/www.maron-chur.ch\/shop\/#website","url":"https:\/\/www.maron-chur.ch\/shop\/","name":"Online Shop Caf\u00e9 Confiserie Maron Chur","description":"","publisher":{"@id":"https:\/\/www.maron-chur.ch\/shop\/#organization"},"potentialAction":[{"@type":"SearchAction","target":{"@type":"EntryPoint","urlTemplate":"https:\/\/www.maron-chur.ch\/shop\/?s={search_term_string}"},"query-input":{"@type":"PropertyValueSpecification","valueRequired":true,"valueName":"search_term_string"}}],"inLanguage":"de"},{"@type":"Organization","@id":"https:\/\/www.maron-chur.ch\/shop\/#organization","name":"Caf\u00e9 Chocolaterie Confiserie Maron","url":"https:\/\/www.maron-chur.ch\/shop\/","logo":{"@type":"ImageObject","inLanguage":"de","@id":"https:\/\/www.maron-chur.ch\/shop\/#\/schema\/logo\/image\/","url":"https:\/\/5w4jrpbhfgx.preview.infomaniak.website\/shop\/wp-content\/uploads\/2016\/05\/logo_schmal.png","contentUrl":"https:\/\/5w4jrpbhfgx.preview.infomaniak.website\/shop\/wp-content\/uploads\/2016\/05\/logo_schmal.png","width":211,"height":90,"caption":"Caf\u00e9 Chocolaterie Confiserie Maron"},"image":{"@id":"https:\/\/www.maron-chur.ch\/shop\/#\/schema\/logo\/image\/"}}]}},"_links":{"self":[{"href":"https:\/\/www.maron-chur.ch\/shop\/wp-json\/wp\/v2\/product\/19"}],"collection":[{"href":"https:\/\/www.maron-chur.ch\/shop\/wp-json\/wp\/v2\/product"}],"about":[{"href":"https:\/\/www.maron-chur.ch\/shop\/wp-json\/wp\/v2\/types\/product"}],"replies":[{"embeddable":true,"href":"https:\/\/www.maron-chur.ch\/shop\/wp-json\/wp\/v2\/comments?post=19"}],"wp:featuredmedia":[{"embeddable":true,"href":"https:\/\/www.maron-chur.ch\/shop\/wp-json\/wp\/v2\/media\/1837"}],"wp:attachment":[{"href":"https:\/\/www.maron-chur.ch\/shop\/wp-json\/wp\/v2\/media?parent=19"}],"wp:term":[{"taxonomy":"product_cat","embeddable":true,"href":"https:\/\/www.maron-chur.ch\/shop\/wp-json\/wp\/v2\/product_cat?post=19"},{"taxonomy":"product_tag","embeddable":true,"href":"https:\/\/www.maron-chur.ch\/shop\/wp-json\/wp\/v2\/product_tag?post=19"}],"curies":[{"name":"wp","href":"https:\/\/api.w.org\/{rel}","templated":true}]}}